{"id":28,"date":"2024-01-23T14:28:43","date_gmt":"2024-01-23T13:28:43","guid":{"rendered":"https:\/\/glliagricola.es\/?page_id=28"},"modified":"2024-05-28T19:48:43","modified_gmt":"2024-05-28T17:48:43","slug":"servicios","status":"publish","type":"page","link":"https:\/\/glliagricola.es\/index.php\/servicios\/","title":{"rendered":"Servicios"},"content":{"rendered":"\n<ul class=\"wp-block-list\">\n<li>MEDICIONES Y TOPOGRAF\u00cdAS DE FINCAS Y EDIFICACIONES<\/li>\n\n\n\n<li>TASACIONES Y VALORACIONES R\u00daSTICAS<\/li>\n\n\n\n<li>INGENIER\u00cdA AGR\u00cdCOLA<\/li>\n\n\n\n<li>ESTUDIOS Y AUTORIZACIONES<\/li>\n<\/ul>\n\n\n\n<p><\/p>\n\n\n\n<details class=\"wp-block-details is-layout-flow wp-block-details-is-layout-flow\"><summary><\/summary>\n<ol class=\"wp-block-list\">\n<li><\/li>\n<\/ol>\n\n\n\n<figure class=\"wp-block-image size-full is-resized\"><img loading=\"lazy\" decoding=\"async\" width=\"617\" height=\"703\" src=\"https:\/\/glliagricola.es\/wp-content\/uploads\/2024\/05\/image-2.png\" alt=\"\" class=\"wp-image-162\" style=\"width:20px;height:auto\" srcset=\"https:\/\/glliagricola.es\/wp-content\/uploads\/2024\/05\/image-2.png 617w, https:\/\/glliagricola.es\/wp-content\/uploads\/2024\/05\/image-2-263x300.png 263w\" sizes=\"auto, (max-width: 617px) 100vw, 617px\" \/><\/figure>\n\n\n\n<ol class=\"wp-block-list\">\n<li><strong>MEDICIONES Y TOPOGRAF\u00cdAS DE FINCAS Y EDIFICACIONES<\/strong>:<\/li>\n<\/ol>\n\n\n\n<ul class=\"wp-block-list\">\n<li>&#8211; Realizaci\u00f3n de Levantamientos Planim\u00e9tricos de Fincas y edificaciones. Informes de mediciones Georreferenciados, archivos GML y GMLE, Informes de Validaciones Gr\u00e1ficas (IVG) e Informes de Ubicaci\u00f3n de Construcciones (ICUC) para modificaciones en escrituras, registro de la propiedad y catastros. Trabajo mediante GPS TOPCON HIPER-V.<\/li>\n\n\n\n<li><\/li>\n\n\n\n<li>&#8211; Levantamientos Topogr\u00e1ficos en terrenos r\u00fasticos y urbanos. Trabajo mediante ESTACI\u00d3N TOTAL TOPCON GTS 236N y GPS TOPCON HIPER-V.<\/li>\n<\/ul>\n\n\n\n<p><\/p>\n\n\n\n<figure class=\"wp-block-image size-full is-resized\"><img loading=\"lazy\" decoding=\"async\" width=\"617\" height=\"703\" src=\"https:\/\/glliagricola.es\/wp-content\/uploads\/2024\/05\/image-3.png\" alt=\"\" class=\"wp-image-164\" style=\"width:20px;height:auto\" srcset=\"https:\/\/glliagricola.es\/wp-content\/uploads\/2024\/05\/image-3.png 617w, https:\/\/glliagricola.es\/wp-content\/uploads\/2024\/05\/image-3-263x300.png 263w\" sizes=\"auto, (max-width: 617px) 100vw, 617px\" \/><\/figure>\n\n\n\n<ol class=\"wp-block-list\" start=\"2\">\n<li><strong>TASACIONES Y VALORACIONES R\u00daSTICAS:<\/strong><\/li>\n<\/ol>\n\n\n\n<ul class=\"wp-block-list\">\n<li>Valoraciones de cultivos, inmuebles, infraestructuras y fincas r\u00fasticas.<\/li>\n\n\n\n<li>Expropiaciones.<\/li>\n<\/ul>\n\n\n\n<p><\/p>\n\n\n\n<figure class=\"wp-block-image size-full is-resized\"><img loading=\"lazy\" decoding=\"async\" width=\"617\" height=\"703\" src=\"https:\/\/glliagricola.es\/wp-content\/uploads\/2024\/05\/image-4.png\" alt=\"\" class=\"wp-image-165\" style=\"width:20px;height:auto\" srcset=\"https:\/\/glliagricola.es\/wp-content\/uploads\/2024\/05\/image-4.png 617w, https:\/\/glliagricola.es\/wp-content\/uploads\/2024\/05\/image-4-263x300.png 263w\" sizes=\"auto, (max-width: 617px) 100vw, 617px\" \/><\/figure>\n\n\n\n<ol class=\"wp-block-list\" start=\"3\">\n<li><strong>INGENIER\u00cdA AGR\u00cdCOLA:<\/strong><\/li>\n\n\n\n<li><em>(Movimientos de tierras en fincas, muros de contenci\u00f3n, caminos agr\u00edcolas, cuartos de aperos, cobertizos, alpendres, almacenes agr\u00edcolas, almacenes de fitosanitarios, bodegas, naves ganaderas, instalaciones para gesti\u00f3n de residuos agr\u00edcolas, invernaderos, instalaciones de riego, dep\u00f3sitos):<\/em><\/li>\n<\/ol>\n\n\n\n<ul class=\"wp-block-list\">\n<li>&#8211; Redacci\u00f3n de Memorias, Proyectos B\u00e1sicos y de Ejecuci\u00f3n del sector agr\u00edcola y ganadero para tramitar subvenciones, licencias de obras en Ayuntamientos y otras administraciones (Consejo Insular de Aguas, Carreteras, Medio Ambiente, Agricultura, Agencia de Protecci\u00f3n del Medio Urbano y Natural).<\/li>\n\n\n\n<li><\/li>\n\n\n\n<li>&#8211; Redacci\u00f3n de Proyectos de legalizaci\u00f3n de actuaciones ya ejecutadas.<\/li>\n\n\n\n<li><\/li>\n\n\n\n<li>&#8211; Direcciones de obra y emisi\u00f3n de certificados final de obra.<\/li>\n\n\n\n<li><\/li>\n\n\n\n<li>&#8211; Seguridad y salud.<\/li>\n\n\n\n<li><\/li>\n\n\n\n<li>&#8211; Certificado de descripci\u00f3n del inmueble, de antig\u00fcedad y de seguridad y solidez estructural para tramitaci\u00f3n de Prescripci\u00f3n de Infracci\u00f3n Urban\u00edstica.<\/li>\n\n\n\n<li><\/li>\n\n\n\n<li>&#8211; Estudios de m\u00e1xima crecida para Consejo Insular de Aguas.<\/li>\n<\/ul>\n\n\n\n<p><\/p>\n\n\n\n<figure class=\"wp-block-image size-full is-resized\"><img loading=\"lazy\" decoding=\"async\" width=\"617\" height=\"703\" src=\"https:\/\/glliagricola.es\/wp-content\/uploads\/2024\/05\/image-5.png\" alt=\"\" class=\"wp-image-166\" style=\"width:20px;height:auto\" srcset=\"https:\/\/glliagricola.es\/wp-content\/uploads\/2024\/05\/image-5.png 617w, https:\/\/glliagricola.es\/wp-content\/uploads\/2024\/05\/image-5-263x300.png 263w\" sizes=\"auto, (max-width: 617px) 100vw, 617px\" \/><\/figure>\n\n\n\n<ol class=\"wp-block-list\" start=\"4\">\n<li><strong>ESTUDIOS Y AUTORIZACIONES:<\/strong><\/li>\n<\/ol>\n\n\n\n<ul class=\"wp-block-list\">\n<li>&#8211; Redacci\u00f3n de Memoria Descriptiva de la Actividad o Estudios de Impacto Ambiental para procedimiento de evaluaci\u00f3n de impacto ambiental simplificada u ordinaria para la formulaci\u00f3n de la declaraci\u00f3n de impacto ambiental.<\/li>\n\n\n\n<li><\/li>\n\n\n\n<li>&#8211; Redacci\u00f3n de Proyecto B\u00e1sico para solicitud y concesi\u00f3n de Autorizaci\u00f3n Ambiental Integrada.<\/li>\n<\/ul>\n<\/details>\n","protected":false},"excerpt":{"rendered":"","protected":false},"author":1,"featured_media":224,"parent":0,"menu_order":0,"comment_status":"closed","ping_status":"closed","template":"","meta":{"footnotes":""},"class_list":["post-28","page","type-page","status-publish","has-post-thumbnail","hentry"],"_links":{"self":[{"href":"https:\/\/glliagricola.es\/index.php\/wp-json\/wp\/v2\/pages\/28","targetHints":{"allow":["GET"]}}],"collection":[{"href":"https:\/\/glliagricola.es\/index.php\/wp-json\/wp\/v2\/pages"}],"about":[{"href":"https:\/\/glliagricola.es\/index.php\/wp-json\/wp\/v2\/types\/page"}],"author":[{"embeddable":true,"href":"https:\/\/glliagricola.es\/index.php\/wp-json\/wp\/v2\/users\/1"}],"replies":[{"embeddable":true,"href":"https:\/\/glliagricola.es\/index.php\/wp-json\/wp\/v2\/comments?post=28"}],"version-history":[{"count":21,"href":"https:\/\/glliagricola.es\/index.php\/wp-json\/wp\/v2\/pages\/28\/revisions"}],"predecessor-version":[{"id":191,"href":"https:\/\/glliagricola.es\/index.php\/wp-json\/wp\/v2\/pages\/28\/revisions\/191"}],"wp:featuredmedia":[{"embeddable":true,"href":"https:\/\/glliagricola.es\/index.php\/wp-json\/wp\/v2\/media\/224"}],"wp:attachment":[{"href":"https:\/\/glliagricola.es\/index.php\/wp-json\/wp\/v2\/media?parent=28"}],"curies":[{"name":"wp","href":"https:\/\/api.w.org\/{rel}","templated":true}]}}