{"id":29,"date":"2024-01-23T14:28:43","date_gmt":"2024-01-23T13:28:43","guid":{"rendered":"https:\/\/glliagricola.es\/?page_id=29"},"modified":"2024-05-28T22:34:21","modified_gmt":"2024-05-28T20:34:21","slug":"contacto","status":"publish","type":"page","link":"https:\/\/glliagricola.es\/index.php\/contacto\/","title":{"rendered":"Contacto"},"content":{"rendered":"\n<p><\/p>\n\n\n\n<p>      <strong>PEDRO G\u00d6RAN DE LE\u00d3N L\u00c1ZARO<\/strong><\/p>\n\n\n\n<p>      678.483.457<\/p>\n\n\n\n<p>        <a href=\"mailto:leon.goran@gmail.com\">leon.goran@gmail.com<\/a><\/p>\n\n\n\n<p>Calle Homician n\u00ba 3, 1\u00ba, Valle Guerra. C.P.: 38270<\/p>\n\n\n\n<p>       Colegiado <strong>n\u00ba 723<\/strong> Colegio de Ingenieros T\u00e9cnicos Agr\u00edcolas de Tenerife<\/p>\n\n\n\n<p>        ROPO: <strong>38\/3\/0030<\/strong><\/p>\n\n\n\n<p><\/p>\n","protected":false},"excerpt":{"rendered":"<p>PEDRO G\u00d6RAN DE LE\u00d3N L\u00c1ZARO 678.483.457 leon.goran@gmail.com Calle Homician n\u00ba 3, 1\u00ba, Valle Guerra. C.P.: 38270 Colegiado n\u00ba 723 Colegio de Ingenieros T\u00e9cnicos Agr\u00edcolas de Tenerife ROPO: 38\/3\/0030<\/p>\n","protected":false},"author":1,"featured_media":151,"parent":0,"menu_order":0,"comment_status":"closed","ping_status":"closed","template":"","meta":{"footnotes":""},"class_list":["post-29","page","type-page","status-publish","has-post-thumbnail","hentry"],"_links":{"self":[{"href":"https:\/\/glliagricola.es\/index.php\/wp-json\/wp\/v2\/pages\/29","targetHints":{"allow":["GET"]}}],"collection":[{"href":"https:\/\/glliagricola.es\/index.php\/wp-json\/wp\/v2\/pages"}],"about":[{"href":"https:\/\/glliagricola.es\/index.php\/wp-json\/wp\/v2\/types\/page"}],"author":[{"embeddable":true,"href":"https:\/\/glliagricola.es\/index.php\/wp-json\/wp\/v2\/users\/1"}],"replies":[{"embeddable":true,"href":"https:\/\/glliagricola.es\/index.php\/wp-json\/wp\/v2\/comments?post=29"}],"version-history":[{"count":9,"href":"https:\/\/glliagricola.es\/index.php\/wp-json\/wp\/v2\/pages\/29\/revisions"}],"predecessor-version":[{"id":296,"href":"https:\/\/glliagricola.es\/index.php\/wp-json\/wp\/v2\/pages\/29\/revisions\/296"}],"wp:featuredmedia":[{"embeddable":true,"href":"https:\/\/glliagricola.es\/index.php\/wp-json\/wp\/v2\/media\/151"}],"wp:attachment":[{"href":"https:\/\/glliagricola.es\/index.php\/wp-json\/wp\/v2\/media?parent=29"}],"curies":[{"name":"wp","href":"https:\/\/api.w.org\/{rel}","templated":true}]}}